{"id":2,"date":"2023-06-10T11:12:40","date_gmt":"2023-06-10T09:12:40","guid":{"rendered":"http:\/\/chatgptunplugged.com\/?page_id=2"},"modified":"2023-06-19T23:09:57","modified_gmt":"2023-06-19T21:09:57","slug":"page-d-exemple","status":"publish","type":"page","link":"https:\/\/chatgptunplugged.com\/index.php\/page-d-exemple\/","title":{"rendered":"Julien NGUYEN"},"content":{"rendered":"\n<h4 class=\"wp-block-heading\">Mon cheminement vers la d\u00e9mocratisation de l\u2019IA<\/h4>\n\n\n\n<p>Expert confirm\u00e9 dans le domaine de la transformation num\u00e9rique, fort d\u2019une d\u00e9cennie et demie d\u2019exp\u00e9rience sp\u00e9cialis\u00e9e dans l\u2019automatisation des syst\u00e8mes d\u2019entreprise, j\u2019ai le privil\u00e8ge de travailler pour des entreprises du CAC 40 et j\u2019ai \u00e9galement eu l\u2019occasion de mettre en \u0153uvre des processus d\u2019automatisation pour des associations, dans le cadre de missions pro bono.<\/p>\n\n\n\n<p>J\u2019ai pilot\u00e9 des projets de mise en \u0153uvre de SAP (ECC6 et S\/4HANA), travaill\u00e9 sur le reengineering et l\u2019automatisation des fonctions support telles que les ressources humaines, les achats et la finance, en utilisant des outils tels que AGL, RPA, Web Services et BPM. J\u2019ai d\u00e9velopp\u00e9 la Business line RPA dans mes fonctions pr\u00e9c\u00e9dentes, ce qui m\u2019a valu le statut d\u2019expert dans ce domaine.<\/p>\n\n\n\n<p>Mon parcours est caract\u00e9ris\u00e9 par une immersion profonde et constante dans l\u2019univers fascinant des nouvelles technologies, et plus sp\u00e9cifiquement, celui de l\u2019intelligence artificielle. Mon int\u00e9r\u00eat pour le machine learning, le deep learning et les r\u00e9seaux de neurones artificiels m\u2019a conduit \u00e0 appliquer ces concepts dans un contexte professionnel. Il a toujours \u00e9t\u00e9 de prime importance pour moi d\u2019aborder la technologie, en particulier l\u2019IA, de mani\u00e8re concr\u00e8te, que ce soit \u00e0 travers l\u2019impl\u00e9mentation du mod\u00e8le de langage LLaMA de Meta, l\u2019utilisation du syst\u00e8me de reconnaissance de la parole Whisper d\u2019OpenAI, ou l\u2019entra\u00eenement de mod\u00e8les sp\u00e9cialis\u00e9s. Par ailleurs, j\u2019ai approfondi le sujet de l\u2019optimisation des prompts pour l\u2019exploitation de mod\u00e8les de langage et d\u2019images comme Midjourney ou Bluewillow.<\/p>\n\n\n\n<p>Devant l\u2019int\u00e9r\u00eat grandissant de mes clients pour ChatGPT, j\u2019ai d\u00e9cid\u00e9 de r\u00e9diger ce livre pour partager mon expertise et aider les utilisateurs \u00e0 obtenir des r\u00e9ponses plus pr\u00e9cises de ChatGPT, \u00e0 int\u00e9grer cet outil dans leurs processus op\u00e9rationnels et d\u00e9cisionnels et \u00e0 exploiter au maximum ses fonctionnalit\u00e9s. Mon objectif est de contribuer \u00e0 d\u00e9mystifier ChatGPT et de le rendre plus accessible et utile pour tous.<\/p>\n","protected":false},"excerpt":{"rendered":"<p>Mon cheminement vers la d\u00e9mocratisation de l\u2019IA Expert confirm\u00e9 dans le domaine de la transformation num\u00e9rique, fort d\u2019une d\u00e9cennie et demie d\u2019exp\u00e9rience sp\u00e9cialis\u00e9e dans l\u2019automatisation des syst\u00e8mes d\u2019entreprise, j\u2019ai le privil\u00e8ge de travailler pour des entreprises du CAC 40 et j\u2019ai \u00e9galement eu l\u2019occasion de mettre en \u0153uvre des processus d\u2019automatisation pour des associations, dans [&hellip;]<\/p>\n","protected":false},"author":1,"featured_media":0,"parent":0,"menu_order":0,"comment_status":"closed","ping_status":"open","template":"","meta":{"footnotes":""},"class_list":["post-2","page","type-page","status-publish","hentry"],"_links":{"self":[{"href":"https:\/\/chatgptunplugged.com\/index.php\/wp-json\/wp\/v2\/pages\/2","targetHints":{"allow":["GET"]}}],"collection":[{"href":"https:\/\/chatgptunplugged.com\/index.php\/wp-json\/wp\/v2\/pages"}],"about":[{"href":"https:\/\/chatgptunplugged.com\/index.php\/wp-json\/wp\/v2\/types\/page"}],"author":[{"embeddable":true,"href":"https:\/\/chatgptunplugged.com\/index.php\/wp-json\/wp\/v2\/users\/1"}],"replies":[{"embeddable":true,"href":"https:\/\/chatgptunplugged.com\/index.php\/wp-json\/wp\/v2\/comments?post=2"}],"version-history":[{"count":3,"href":"https:\/\/chatgptunplugged.com\/index.php\/wp-json\/wp\/v2\/pages\/2\/revisions"}],"predecessor-version":[{"id":31,"href":"https:\/\/chatgptunplugged.com\/index.php\/wp-json\/wp\/v2\/pages\/2\/revisions\/31"}],"wp:attachment":[{"href":"https:\/\/chatgptunplugged.com\/index.php\/wp-json\/wp\/v2\/media?parent=2"}],"curies":[{"name":"wp","href":"https:\/\/api.w.org\/{rel}","templated":true}]}}